{"id":10179,"date":"2023-07-12T04:29:59","date_gmt":"2023-07-12T02:29:59","guid":{"rendered":"https:\/\/www.fant-asiatravel.com\/it\/?page_id=10179"},"modified":"2023-07-12T04:29:59","modified_gmt":"2023-07-12T02:29:59","slug":"chiang-rai-tour-privato-dei-templi","status":"publish","type":"page","link":"https:\/\/www.fant-asiatravel.com\/it\/viaggi-in-thailandia\/chiang-rai-tour-privato-dei-templi\/","title":{"rendered":"Chiang Rai: Tour Privato dei Templi"},"content":{"rendered":"<h3 style=\"text-align: center;\">Chiang Rai: Tour Privato dei Templi &#8211; Un&#8217;esperienza spirituale e culturale<\/h3>\n<p style=\"text-align: center;\"><span style=\"color: #000000;\">Benvenuti a Chiang Rai, una citt\u00e0 ricca di storia e spiritualit\u00e0, famosa per i suoi magnifici templi. In questo tour privato, vi guideremo alla scoperta dei <span style=\"color: #0000ff;\">templi pi\u00f9 importanti di Chiang Rai<\/span>, immergendovi nell&#8217;atmosfera mistica di questi luoghi sacri. Preparatevi a un&#8217;esperienza indimenticabile che combina la bellezza architettonica con la spiritualit\u00e0 millenaria.<\/span><\/p>\n<p><span style=\"color: #000000;\"><strong>Tempio Bianco (Wat Rong Khun)<\/strong>: Iniziamo la nostra avventura con una visita al celebre Tempio Bianco, una meraviglia architettonica unica nel suo genere. Ammirate la sua facciata bianca brillante decorata con dettagli intricati e opere d&#8217;arte contemporanee che raccontano la storia e la cultura della Thailandia.<\/span><\/p>\n<p><strong>Tempio Blu (Wat Rong Suea Ten)<\/strong>: Proseguiamo verso il Tempio Blu, noto anche come il Tempio della tigre danzante. Questo maestoso tempio si distingue per la sua spettacolare statua di una tigre blu che protegge l&#8217;ingresso. Esplorate gli interni adornati e scoprite i riti e le tradizioni buddiste.<\/p>\n<p><strong>Baan Dam (Museo Casa Nera):<\/strong> Proseguiamo verso Baan Dam, conosciuto anche come il Museo della Casa Nera. Questo affascinante complesso ospita una collezione unica di opere d&#8217;arte e sculture di <a href=\"https:\/\/en.wikipedia.org\/wiki\/Thawan_Duchanee\" target=\"_blank\" rel=\"noopener\">Thawan Duchanee<\/a>, un famoso artista thailandese. Esplorate gli ambienti affascinanti e ammirate l&#8217;audace espressione artistica di Duchanee.<\/p>\n<p><span style=\"color: #000000;\"><strong>Tempio del Grande Buddha (Wat Huay Pla Kang)<\/strong>: Concludiamo il nostro tour con una visita al Tempio del Grande Buddha, una maestosa statua alta pi\u00f9 di 60 metri. Ammirate la vista panoramica di Chiang Rai dalla sommit\u00e0 e immergetevi nell&#8217;atmosfera di pace e spiritualit\u00e0.<\/span><\/p>\n<p style=\"text-align: center;\"><span style=\"color: #000000;\">Il &#8220;Chiang Rai: Tour Privato dei Templi&#8221; \u00e8 un&#8217;opportunit\u00e0 unica per immergersi nella ricca cultura e spiritualit\u00e0 della citt\u00e0. Scoprite la bellezza architettonica, le tradizioni millenarie e l&#8217;atmosfera mistica di questi luoghi sacri, inclusa la visita al suggestivo Baan Dam. Siate pronti a creare ricordi duraturi in questa indimenticabile avventura a Chiang Rai.<\/span><\/p>\n<p><img decoding=\"async\" class=\"aligncenter wp-image-10181 size-medium lazyload\" data-src=\"https:\/\/www.fant-asiatravel.com\/it\/wp-content\/uploads\/2023\/07\/peter-borter-vHbDqKrKBio-unsplash-540x304.jpg\" alt=\"Chiang Rai\" width=\"540\" height=\"304\" data-srcset=\"https:\/\/www.fant-asiatravel.com\/it\/wp-content\/uploads\/2023\/07\/peter-borter-vHbDqKrKBio-unsplash-540x304.jpg 540w, https:\/\/www.fant-asiatravel.com\/it\/wp-content\/uploads\/2023\/07\/peter-borter-vHbDqKrKBio-unsplash-1024x576.jpg 1024w, https:\/\/www.fant-asiatravel.com\/it\/wp-content\/uploads\/2023\/07\/peter-borter-vHbDqKrKBio-unsplash-1536x865.jpg 1536w, https:\/\/www.fant-asiatravel.com\/it\/wp-content\/uploads\/2023\/07\/peter-borter-vHbDqKrKBio-unsplash-2048x1153.jpg 2048w\" data-sizes=\"(max-width: 540px) 100vw, 540px\" src=\"data:image\/svg+xml;base64,PHN2ZyB3aWR0aD0iMSIgaGVpZ2h0PSIxIiB4bWxucz0iaHR0cDovL3d3dy53My5vcmcvMjAwMC9zdmciPjwvc3ZnPg==\" style=\"--smush-placeholder-width: 540px; --smush-placeholder-aspect-ratio: 540\/304;\" \/><\/p>\n<p style=\"text-align: center;\"><span style=\"color: #000000;\">Per conoscere il prezzo esatto e personalizzare l&#8217;itinerario del tuo tour privato dei templi a Chiang Rai, ti invitiamo a <a href=\"mailto:lucarelli@fant-asiatravel.com\" target=\"_blank\" rel=\"noopener\">contattarci<\/a> direttamente. Il costo dipender\u00e0 dal numero dei partecipanti al viaggio e dalla stagione. Saremo lieti di fornirti tutte le informazioni necessarie e di creare un&#8217;esperienza su misura per te.<\/span><\/p>\n","protected":false},"excerpt":{"rendered":"<p>Chiang Rai: Tour Privato dei Templi &#8211; Un&#8217;esperienza spirituale e culturale Benvenuti a Chiang Rai, una citt\u00e0 ricca di storia e spiritualit\u00e0, famosa per i suoi magnifici templi. In questo tour privato, vi guideremo alla scoperta dei templi pi\u00f9 importanti di Chiang Rai, immergendovi nell&#8217;atmosfera mistica di questi luoghi sacri. Preparatevi a un&#8217;esperienza indimenticabile che [&hellip;]<\/p>\n","protected":false},"author":2,"featured_media":10180,"parent":12,"menu_order":5,"comment_status":"closed","ping_status":"closed","template":"","meta":{"wds_primary_thailandia":0,"wds_primary_asia":0,"footnotes":""},"class_list":["post-10179","page","type-page","status-publish","has-post-thumbnail","hentry","thailandia-chiang-rai","thailandia-thailandia-natura-e-sport","asia-thailandia"],"_links":{"self":[{"href":"https:\/\/www.fant-asiatravel.com\/it\/wp-json\/wp\/v2\/pages\/10179","targetHints":{"allow":["GET"]}}],"collection":[{"href":"https:\/\/www.fant-asiatravel.com\/it\/wp-json\/wp\/v2\/pages"}],"about":[{"href":"https:\/\/www.fant-asiatravel.com\/it\/wp-json\/wp\/v2\/types\/page"}],"author":[{"embeddable":true,"href":"https:\/\/www.fant-asiatravel.com\/it\/wp-json\/wp\/v2\/users\/2"}],"replies":[{"embeddable":true,"href":"https:\/\/www.fant-asiatravel.com\/it\/wp-json\/wp\/v2\/comments?post=10179"}],"version-history":[{"count":2,"href":"https:\/\/www.fant-asiatravel.com\/it\/wp-json\/wp\/v2\/pages\/10179\/revisions"}],"predecessor-version":[{"id":10183,"href":"https:\/\/www.fant-asiatravel.com\/it\/wp-json\/wp\/v2\/pages\/10179\/revisions\/10183"}],"up":[{"embeddable":true,"href":"https:\/\/www.fant-asiatravel.com\/it\/wp-json\/wp\/v2\/pages\/12"}],"wp:featuredmedia":[{"embeddable":true,"href":"https:\/\/www.fant-asiatravel.com\/it\/wp-json\/wp\/v2\/media\/10180"}],"wp:attachment":[{"href":"https:\/\/www.fant-asiatravel.com\/it\/wp-json\/wp\/v2\/media?parent=10179"}],"curies":[{"name":"wp","href":"https:\/\/api.w.org\/{rel}","templated":true}]}}