{"id":12643,"date":"2026-04-16T06:35:25","date_gmt":"2026-04-16T04:35:25","guid":{"rendered":"https:\/\/www.fant-asiatravel.com\/it\/?page_id=12643"},"modified":"2026-04-16T06:35:25","modified_gmt":"2026-04-16T04:35:25","slug":"privacy-policy","status":"publish","type":"page","link":"https:\/\/www.fant-asiatravel.com\/it\/privacy-policy\/","title":{"rendered":"Privacy Policy"},"content":{"rendered":"\r\n<h2 class=\"wp-block-heading\">Chi siamo<\/h2>\r\n<p><span style=\"color: #000000;\">Questa informativa descrive le modalit\u00e0 di gestione del sito in riferimento al trattamento dei dati personali degli utenti.<\/span><\/p>\r\n<p><span style=\"color: #000000;\">\r\n\r\n<\/span><\/p>\r\n<p><span style=\"color: #000000;\">Questo sito \u00e8 gestito da Fant-Asia Travel.<\/span><\/p>\r\n<p><span style=\"color: #000000;\">Per qualsiasi richiesta relativa alla privacy \u00e8 possibile contattarci via email: lucarelli@fant-asiatravel.com<\/span><\/p>\r\n\r\n\r\n\r\n\r\n\r\n<h2 class=\"wp-block-heading\">Media<\/h2>\r\n\r\n\r\n\r\n<p><span style=\"color: #000000;\">Se carichi immagini sul sito web, dovresti evitare di caricare immagini che includono i dati di posizione incorporati (EXIF GPS). I visitatori del sito web possono scaricare ed estrarre qualsiasi dato sulla posizione dalle immagini sul sito web.<\/span><\/p>\r\n\r\n\r\n\r\n<h2 class=\"wp-block-heading\">Cookie<\/h2>\r\n\r\n\r\n\r\n<p><span style=\"color: #000000;\">Se lasci un commento sul nostro sito, puoi scegliere di salvare il tuo nome, indirizzo email e sito web nei cookie. Sono usati per la tua comodit\u00e0 in modo che tu non debba inserire nuovamente i tuoi dati quando lasci un altro commento. Questi cookie dureranno per un anno.<\/span><\/p>\r\n<p><span style=\"color: #000000;\">\r\n\r\n<\/span><\/p>\r\n<p><span style=\"color: #000000;\">Se visiti la pagina di login, verr\u00e0 impostato un cookie temporaneo per determinare se il tuo browser accetta i cookie. Questo cookie non contiene dati personali e viene eliminato quando chiudi il browser.<\/span><\/p>\r\n<p><span style=\"color: #000000;\">\r\n\r\n<\/span><\/p>\r\n<p><span style=\"color: #000000;\">Quando effettui l&#8217;accesso, verranno impostati diversi cookie per salvare le tue informazioni di accesso e le tue opzioni di visualizzazione dello schermo. I cookie di accesso durano due giorni mentre i cookie per le opzioni dello schermo durano un anno. Se selezioni &#8220;Ricordami&#8221;, il tuo accesso persister\u00e0 per due settimane. Se esci dal tuo account, i cookie di accesso verranno rimossi.<\/span><\/p>\r\n<p><span style=\"color: #000000;\">\r\n\r\n<\/span><\/p>\r\n<p><span style=\"color: #000000;\">Se modifichi o pubblichi un articolo, un cookie aggiuntivo verr\u00e0 salvato nel tuo browser. Questo cookie non include dati personali, ma indica semplicemente l&#8217;ID dell&#8217;articolo appena modificato. Scade dopo 1 giorno.<\/span><\/p>\r\n\r\n\r\n\r\n<h2 class=\"wp-block-heading\">Contenuto incorporato da altri siti web<\/h2>\r\n\r\n\r\n\r\n<p><span style=\"color: #000000;\">Gli articoli su questo sito possono includere contenuti incorporati (ad esempio video, immagini, articoli, ecc.). I contenuti incorporati da altri siti web si comportano esattamente allo stesso modo come se il visitatore avesse visitato l&#8217;altro sito web.<\/span><\/p>\r\n<p><span style=\"color: #000000;\">\r\n\r\n<\/span><\/p>\r\n<p><span style=\"color: #000000;\">Questi siti web possono raccogliere dati su di te, usare cookie, integrare ulteriori tracciamenti di terze parti e monitorare l&#8217;interazione con essi, incluso il tracciamento della tua interazione con il contenuto incorporato se hai un account e sei connesso a quei siti web.<\/span><\/p>\r\n\r\n\r\n\r\n<h2 class=\"wp-block-heading\">Con chi condividiamo i tuoi dati<\/h2>\r\n<p><span style=\"color: #000000;\">I dati personali raccolti tramite il sito non vengono venduti n\u00e9 ceduti a terzi.<\/span><\/p>\r\n<p><span style=\"color: #000000;\">Tuttavia, possono essere trattati da fornitori di servizi tecnici necessari al funzionamento del sito e dei servizi offerti, come ad esempio Google (per servizi di analisi e pubblicit\u00e0) e WhatsApp per la gestione dei contatti.<\/span><\/p>\r\n<p><span style=\"color: #000000;\">Se richiedi una reimpostazione della password, il tuo indirizzo IP verr\u00e0 incluso nell\u2019email di reimpostazione.<\/span><\/p>\r\n\r\n\r\n\r\n<h2 class=\"wp-block-heading\">Per quanto tempo conserviamo i tuoi dati<\/h2>\r\n\r\n\r\n\r\n<p><span style=\"color: #000000;\">Se lasci un commento, il commento e i relativi metadati vengono conservati a tempo indeterminato. \u00c8 cos\u00ec che possiamo riconoscere e approvare automaticamente eventuali commenti successivi invece di tenerli in una coda di moderazione.<\/span><\/p>\r\n<p><span style=\"color: #000000;\">\r\n\r\n<\/span><\/p>\r\n<p><span style=\"color: #000000;\">Per gli utenti che si registrano sul nostro sito web (se presenti), memorizziamo anche le informazioni personali che forniscono nel loro profilo utente. Tutti gli utenti possono vedere, modificare o eliminare le loro informazioni personali in qualsiasi momento (eccetto il loro nome utente che non possono cambiare). Gli amministratori del sito web possono anche vedere e modificare queste informazioni.<\/span><\/p>\r\n\r\n\r\n\r\n<h2 class=\"wp-block-heading\">Quali diritti hai sui tuoi dati<\/h2>\r\n<p><span style=\"color: #000000;\">Se hai inviato una richiesta tramite il modulo contatti o hai lasciato commenti sul sito, puoi richiedere di ricevere un file con i dati personali che abbiamo su di te.<\/span><\/p>\r\n<p><span style=\"color: #000000;\">Puoi inoltre richiedere la cancellazione dei tuoi dati personali in qualsiasi momento, salvo eventuali obblighi di legge o amministrativi.<\/span><\/p>\r\n<p><span style=\"color: #000000;\">Per esercitare questi diritti puoi contattarci via email all\u2019indirizzo: lucarelli@fant-asiatravel.com<\/span><\/p>\r\n\r\n\r\n\r\n<h2 class=\"wp-block-heading\">Dove i tuoi dati sono inviati<\/h2>\r\n<p><span style=\"color: #000000;\">I dati raccolti tramite questo sito possono essere trattati su server situati all\u2019interno dell\u2019Unione Europea e, in alcuni casi, anche al di fuori dell\u2019Unione Europea tramite fornitori di servizi terzi (come Google e WhatsApp), nel rispetto delle normative vigenti.<\/span><\/p>\r\n<p><span style=\"color: #000000;\">I commenti dei visitatori possono essere controllati attraverso un servizio automatico di rilevamento dello spam.<\/span><\/p>\r\n\r\n<h2>Modulo di contatto<\/h2>\r\n<p><span style=\"color: #000000;\">Quando un utente compila il modulo di contatto presente sul sito, raccogliamo i dati inseriti (nome, email, telefono e messaggio) esclusivamente per rispondere alla richiesta.<\/span><\/p>\r\n<p><span style=\"color: #000000;\">I dati non vengono utilizzati per finalit\u00e0 di marketing senza esplicito consenso e non vengono ceduti a terzi.<\/span><\/p>\r\n<h2>Analisi e pubblicit\u00e0<\/h2>\r\n<p><span style=\"color: #000000;\">Questo sito utilizza strumenti di analisi e pubblicit\u00e0 come Google Analytics e Google Ads per raccogliere dati anche tramite strumenti di analisi e tracciamento sul comportamento degli utenti.<\/span><\/p>\r\n<p><span style=\"color: #000000;\">Questi strumenti possono utilizzare cookie e tecnologie simili per migliorare l\u2019esperienza dell\u2019utente e per mostrare annunci personalizzati.<\/span><\/p>\r\n<p><span style=\"color: #000000;\">L\u2019uso di questi strumenti \u00e8 subordinato al consenso dell\u2019utente tramite il banner cookie.<\/span><\/p>\r\n<h2>Contatto tramite WhatsApp<\/h2>\r\n<p><span style=\"color: #000000;\">Il sito pu\u00f2 offrire la possibilit\u00e0 di contattare direttamente tramite WhatsApp. Utilizzando questo servizio, l\u2019utente accetta che i propri dati vengano trattati da WhatsApp secondo la propria informativa privacy.<\/span><\/p>\r\n<p>&nbsp;<\/p>","protected":false},"excerpt":{"rendered":"<p>Chi siamo Questa informativa descrive le modalit\u00e0 di gestione del sito in riferimento al trattamento dei dati personali degli utenti. Questo sito \u00e8 gestito da Fant-Asia Travel. Per qualsiasi richiesta relativa alla privacy \u00e8 possibile contattarci via email: lucarelli@fant-asiatravel.com Media Se carichi immagini sul sito web, dovresti evitare di caricare immagini che includono i dati [&hellip;]<\/p>\n","protected":false},"author":2,"featured_media":0,"parent":0,"menu_order":0,"comment_status":"closed","ping_status":"closed","template":"","meta":{"wds_primary_thailandia":0,"wds_primary_asia":0,"footnotes":""},"class_list":["post-12643","page","type-page","status-publish","hentry"],"_links":{"self":[{"href":"https:\/\/www.fant-asiatravel.com\/it\/wp-json\/wp\/v2\/pages\/12643","targetHints":{"allow":["GET"]}}],"collection":[{"href":"https:\/\/www.fant-asiatravel.com\/it\/wp-json\/wp\/v2\/pages"}],"about":[{"href":"https:\/\/www.fant-asiatravel.com\/it\/wp-json\/wp\/v2\/types\/page"}],"author":[{"embeddable":true,"href":"https:\/\/www.fant-asiatravel.com\/it\/wp-json\/wp\/v2\/users\/2"}],"replies":[{"embeddable":true,"href":"https:\/\/www.fant-asiatravel.com\/it\/wp-json\/wp\/v2\/comments?post=12643"}],"version-history":[{"count":2,"href":"https:\/\/www.fant-asiatravel.com\/it\/wp-json\/wp\/v2\/pages\/12643\/revisions"}],"predecessor-version":[{"id":12645,"href":"https:\/\/www.fant-asiatravel.com\/it\/wp-json\/wp\/v2\/pages\/12643\/revisions\/12645"}],"wp:attachment":[{"href":"https:\/\/www.fant-asiatravel.com\/it\/wp-json\/wp\/v2\/media?parent=12643"}],"curies":[{"name":"wp","href":"https:\/\/api.w.org\/{rel}","templated":true}]}}