{"id":1543,"date":"2016-06-24T08:17:07","date_gmt":"2016-06-24T06:17:07","guid":{"rendered":"https:\/\/www.fant-asiatravel.com\/it\/?page_id=1543"},"modified":"2023-06-07T07:54:43","modified_gmt":"2023-06-07T05:54:43","slug":"tour-krabi","status":"publish","type":"page","link":"https:\/\/www.fant-asiatravel.com\/it\/thailandia-mare\/tour-krabi\/","title":{"rendered":"Tour Krabi"},"content":{"rendered":"<p><span style=\"color: #ff0000;\"><strong>Krabi<\/strong><\/span>,<span style=\"color: #000000;\">\u00a0 le spiagge sono esattamente quello che qualsiasi turista possa desiderare per una vacanza tropicale memorabile. <\/span><\/p>\n<p style=\"text-align: center;\"><em><strong><span style=\"color: #000000;\">ESCURSIONI A FONDO PAGINA<\/span><\/strong><\/em><\/p>\n<p><span style=\"color: #000000;\">La provincia di Krabi ha delle spettacolari viste sulla costa caratterizzate da alte scogliere calcaree, soffici spiagge di sabbia bianca, piccole baie e isole al largo.<\/span><\/p>\n<p><span style=\"color: #000000;\">Ogni tratto di sabbia sembra superare l&#8217;ultimo, con il coronamento della favolosa Railay Beach, con la sua atmosfera ultraterrena &#8211; <strong><em>una sorta di costa Jurassic Park<\/em><\/strong> &#8211; accessibile solo via mare. La cosa migliore delle spiagge di Krabi \u00e8 che non sono quasi mai affollate; troverete sempre un fazzoletto di spiaggia paradisiaca libero.<\/span><\/p>\n<p><span style=\"color: #000000;\">Da Ao Nang a Klong Muang, da Tubkaak fino Railay, scoprirete le spiagge pi\u00f9 popolari di questa affascinante regione del sud della Thailandia, ma bisogna essere consapevoli! Non appena si mette piede su una di queste spiagge, diventerete immediatamente dipendenti dalla sensazione di calore che danno.<\/span><\/p>\n<p><span style=\"color: #000080;\"><strong>Railay Beach<\/strong><\/span> <span style=\"color: #000000;\">\u00e8 una piccola penisola che conta quattro spiagge. Sulla lista di ogni viaggiatore esperto, Railay \u00e8 comunque una delle zone balneari pi\u00f9 ambite della Thailandia. Appena a sud di Ao Nang Beach, c\u2019\u00e8 un promontorio roccioso accessibile solo in barca, Railay presenta un mondo tranquillo e straordinario.<\/span><\/p>\n<p><span style=\"color: #000000;\">In una sola piccola penisola si trovano splendide spiagge di sabbia bianca, svettanti rocce calcaree, grotte e una laguna nascosta all&#8217;interno delle scogliere, sagomata e alimentata dalle maree che cambiano. Tutto raggiungibile a piedi!<\/span><\/p>\n<p><span style=\"color: #000000;\">A Railay non ci sono strade; solo sentieri. Nessun autobus, niente auto, solo barche longtail, l&#8217;unico accesso \u00e8 via mare. Immagini di paradiso tropicale, senza strade e senza problemi, Railay offre giorni pigri, escursioni avventurose e serate chill-out.<\/span><\/p>\n<p><img decoding=\"async\" class=\"size-medium wp-image-1545 aligncenter lazyload\" data-src=\"https:\/\/www.fant-asiatravel.com\/it\/wp-content\/uploads\/2016\/06\/railay-540x296.jpg\" alt=\"railay\" width=\"540\" height=\"296\" data-srcset=\"https:\/\/www.fant-asiatravel.com\/it\/wp-content\/uploads\/2016\/06\/railay-540x296.jpg 540w, https:\/\/www.fant-asiatravel.com\/it\/wp-content\/uploads\/2016\/06\/railay.jpg 840w\" data-sizes=\"(max-width: 540px) 100vw, 540px\" src=\"data:image\/svg+xml;base64,PHN2ZyB3aWR0aD0iMSIgaGVpZ2h0PSIxIiB4bWxucz0iaHR0cDovL3d3dy53My5vcmcvMjAwMC9zdmciPjwvc3ZnPg==\" style=\"--smush-placeholder-width: 540px; --smush-placeholder-aspect-ratio: 540\/296;\" \/><\/p>\n<p><span style=\"color: #000080;\"><strong>Ao Nang<\/strong><\/span> <span style=\"color: #000000;\">\u00e8 il vivace centro turistico di Krabi. Ha l&#8217;atmosfera rilassata di una piccola citt\u00e0, la bellezza di un resort sulla spiaggia, i moderni comfort di casa, e la cordialit\u00e0 tipica della Thailandia.<\/span><\/p>\n<p><span style=\"color: #000000;\">La citt\u00e0 \u00e8 piccola; una passeggiata di 30 minuti vi porter\u00e0 da un capo all&#8217;altro.<\/span><\/p>\n<p><span style=\"color: #000000;\">In auto, Ao Nang si trova a 20 minuti dalla citt\u00e0 di Krabi e Klong Muang Beach e un minuto o due per Noppharat Thara.<\/span><\/p>\n<p><img decoding=\"async\" class=\"size-medium wp-image-1544 aligncenter lazyload\" data-src=\"https:\/\/www.fant-asiatravel.com\/it\/wp-content\/uploads\/2016\/06\/Ao-Nang-540x405.jpg\" alt=\"Ao Nang\" width=\"540\" height=\"405\" data-srcset=\"https:\/\/www.fant-asiatravel.com\/it\/wp-content\/uploads\/2016\/06\/Ao-Nang-540x405.jpg 540w, https:\/\/www.fant-asiatravel.com\/it\/wp-content\/uploads\/2016\/06\/Ao-Nang.jpg 1024w\" data-sizes=\"(max-width: 540px) 100vw, 540px\" src=\"data:image\/svg+xml;base64,PHN2ZyB3aWR0aD0iMSIgaGVpZ2h0PSIxIiB4bWxucz0iaHR0cDovL3d3dy53My5vcmcvMjAwMC9zdmciPjwvc3ZnPg==\" style=\"--smush-placeholder-width: 540px; --smush-placeholder-aspect-ratio: 540\/405;\" \/><\/p>\n<p><span style=\"color: #000080;\"><strong>Tubkaak Beach<\/strong><\/span> <span style=\"color: #000000;\">si trova a nord di Klong Muang ed \u00e8 tranquillo, molto tranquillo. Cos\u00ec tranquillo che ci sono solo pochi alberghi.<\/span><\/p>\n<p><img decoding=\"async\" class=\"size-medium wp-image-1547 aligncenter lazyload\" data-src=\"https:\/\/www.fant-asiatravel.com\/it\/wp-content\/uploads\/2016\/06\/TupKaek-beach-540x347.jpg\" alt=\"TupKaek beach\" width=\"540\" height=\"347\" data-srcset=\"https:\/\/www.fant-asiatravel.com\/it\/wp-content\/uploads\/2016\/06\/TupKaek-beach-540x347.jpg 540w, https:\/\/www.fant-asiatravel.com\/it\/wp-content\/uploads\/2016\/06\/TupKaek-beach-1024x658.jpg 1024w, https:\/\/www.fant-asiatravel.com\/it\/wp-content\/uploads\/2016\/06\/TupKaek-beach.jpg 1090w\" data-sizes=\"(max-width: 540px) 100vw, 540px\" src=\"data:image\/svg+xml;base64,PHN2ZyB3aWR0aD0iMSIgaGVpZ2h0PSIxIiB4bWxucz0iaHR0cDovL3d3dy53My5vcmcvMjAwMC9zdmciPjwvc3ZnPg==\" style=\"--smush-placeholder-width: 540px; --smush-placeholder-aspect-ratio: 540\/347;\" \/><\/p>\n<p><span style=\"color: #000000;\">Troverete una lunga spiaggia di sabbia e non molto altro che rende questo un luogo ideale per rilassarsi e ricaricare le batterie<\/span><\/p>\n<p><span style=\"color: #000000;\"><u>Collegamento con partenza da Bangkok:<\/u><\/span><\/p>\n<p><span style=\"color: #000000;\">Volo diretto Bangkok &#8211; Krabi<\/span><\/p>\n<h3 style=\"text-align: center;\"><span style=\"color: #ff0000;\">ESCURSIONI CON PARTENZA DA KRABI<\/span><\/h3>\n<h4 style=\"text-align: left;\"><span style=\"color: #000000;\">1) Escursione a Phi Phi Island con motoscafo<\/span><\/h4>\n<p style=\"text-align: center;\"><span style=\"color: #000000;\">Gita di gruppo giornata intera &#8211; tutti i giorni<\/span><\/p>\n<p><span style=\"color: #ff0000;\">Descrizione generale:<\/span><\/p>\n<p><span style=\"color: #000000;\">Le favolose isole Phi Phi distano solo <strong>45 minuti di motoscafo da Krabi<\/strong>. Un tour completo per ammirare e <\/span><span style=\"color: #000000;\">godere di uno dei pi\u00f9 famosi arcipelaghi del Sud-est asiatico grazie anche al film di Leonardo Di Caprio &#8220;The <\/span><span style=\"color: #000000;\">Beach&#8221;. Spiagge bianche, snorkeling, vista panoramica, coralli. Cosa puoi chiedere di pi\u00f9 dalle tue vacanze a <\/span><span style=\"color: #000000;\">Krabi?<\/span><\/p>\n<p><span style=\"color: #ff0000;\">Itinerario:<\/span><\/p>\n<p><span style=\"color: #000000;\">07:50 \u2013 08:30: Pick up negli hotels<\/span><br \/>\n<span style=\"color: #000000;\">09:00: Partenza dal porto<\/span><br \/>\n<span style=\"color: #000000;\">16:00: Rientro al porto e, di seguito, in hotel<\/span><\/p>\n<p><span style=\"color: #000000;\"><span style=\"color: #ff0000;\">Soste:<\/span> Bamboo Island, Maya Bay, Lo Samah Bay, Pi Leh Cove, Viking Cave and Monkey Beach<\/span><\/p>\n<p><span style=\"color: #ff0000;\">Highlights:<\/span><\/p>\n<p><span style=\"color: #000000;\">Bamboo Island \u00e8 insieme a Maya Bay la pi\u00f9 attraente tra le isole Phi Phi. Una spiaggia di sabbia bianca circondata da vegetazione tropicale, un&#8217;acqua limpida e calda che sembra chiamare le persone a nuotare, non lontano dalla costa si trovano sparsi giardini di corallo.<\/span><\/p>\n<p><span style=\"color: #000000;\"><strong>Pi Leh Lagoon<\/strong> \u00e8 una specie di fiordo che si insinua come una ferita all&#8217;interno della linea costiera di Phi Phi Lee. Alte pareti decorate da una fitta vegetazione ed \u00e8 caratterizzata da un&#8217;incredibile acqua blu. Una vista mozzafiato che ti impressioner\u00e0 fin dal momento in cui si entra.<\/span><\/p>\n<p><span style=\"color: #ff0000;\">Cosa portare:<\/span><br \/>\n<span style=\"color: #000000;\">Crema solare, costume da bagno, asciugamano da spiaggia<\/span><\/p>\n<p><span style=\"color: #ff0000;\">Il tour comprende:<\/span><\/p>\n<ul>\n<li><span style=\"color: #000000;\">Trasferimenti da e per l\u2019hotel<\/span><br \/>\n<span style=\"color: #000000;\">Guida locale parlante inglese<\/span><br \/>\n<span style=\"color: #000000;\">Maschera e boccaglio<\/span><br \/>\n<span style=\"color: #000000;\">Pranzo in un ristorante locale<\/span><br \/>\n<span style=\"color: #000000;\">Acqua e frutta a bordo<\/span><br \/>\n<span style=\"color: #000000;\">Assicurazione<\/span><br \/>\n<span style=\"color: #000000;\">Salvagente<\/span><\/li>\n<\/ul>\n<p><span style=\"color: #ff0000;\">Il tour non comprende:<\/span><\/p>\n<p><span style=\"color: #000000;\">Tasse di ingresso nei parchi nazionali: Adulti THB 400 \u2013 Bambini THB 200<\/span><br \/>\n<span style=\"color: #000000;\">Mance, spese personali e quanto non specificato alla voce \u201cil tour comprende\u201d.<\/span><\/p>\n<p><span style=\"color: #ff0000;\">Prezzo:<\/span> <span style=\"color: #000000;\">Adulti THB 2500 \u2013 Bambini THB 1500<\/span><\/p>\n<h4><span style=\"color: #000000;\">2) Jungle tour<\/span><\/h4>\n<p><span style=\"color: #ff0000;\">Descrizione generale:<\/span><\/p>\n<p><span style=\"color: #000000;\">Una giornata educativa e divertente nel <strong>Parco Nazionale Khao Nor Chu Chi<\/strong> per ammirare e apprezzare alcuni doni della natura. Una passeggiata lungo una percorso adombrato dalla vegetazione tropicale per raggiungere una piscina d&#8217;acqua dolce; un torrente caldo per rigenerarti in un <strong>bagno di 40 gradi<\/strong>; una visita al famoso tempio Wat Tum Seua o &#8220;<strong>Tiger Cave Temple<\/strong>&#8221; e, se hai il coraggio di sfidare te stesso, affrontare i <strong>1260 scalini<\/strong> che portano alla cima della montagna<\/span><\/p>\n<p><span style=\"color: #ff0000;\">Itinerario:<\/span><\/p>\n<p><span style=\"color: #000000;\">07:45 \u2013 08:30: Pick up negli hotel<\/span><br \/>\n<span style=\"color: #000000;\">09:30: Arrivo alla prima tappa<\/span><br \/>\n<span style=\"color: #000000;\">16:30: Ritorno in hotel<\/span><br \/>\n<span style=\"color: #000000;\"><span style=\"color: #ff0000;\">Soste:<\/span> Emerald Pool, Hot Spring and Tiger Cave Temple.<\/span><\/p>\n<p><span style=\"color: #ff0000;\">Highlights:<\/span><\/p>\n<p><span style=\"color: #000000;\">Una scala per il paradiso. 1260 gradini per la cima della montagna del Tiger Cave Temple e per godere di una vista mozzafiato sulla provincia di Krabi. Una sfida che solo i pi\u00f9 forti possono vincere.<\/span><br \/>\n<span style=\"color: #000000;\">La meravigliosa sensazione di relax che solo un bagno caldo pu\u00f2 darti \u00e8 una realt\u00e0 alle Hot Springs. Questo flusso termale di origine vulcanica, forma pozze naturali in cui immergersi e dimenticare dolori e dispiaceri.<\/span><\/p>\n<p><span style=\"color: #ff0000;\">Cosa portare:<\/span><br \/>\n<span style=\"color: #000000;\">Protezione solare, costume da bagno, asciugamano, repellente e scarpe comode.<\/span><\/p>\n<p><span style=\"color: #ff0000;\">Il tour comprende<\/span><\/p>\n<p><span style=\"color: #000000;\">Trasferimento da e per l\u2019hotel<\/span><br \/>\n<span style=\"color: #000000;\">Guida locale parlante inglese<\/span><br \/>\n<span style=\"color: #000000;\">Pranzo in un ristorante locale<\/span><br \/>\n<span style=\"color: #000000;\">Acqua<\/span><br \/>\n<span style=\"color: #000000;\">Assicurazione<\/span><br \/>\n<span style=\"color: #000000;\">Tasse di ingresso nei parchi nazionali<\/span><\/p>\n<p><span style=\"color: #ff0000;\">Il tour non comprende<\/span><\/p>\n<p><span style=\"color: #000000;\">Mance, spese personali e quanto non espressamente indicato alla voce \u201cil tour comprende\u201d.<\/span><\/p>\n<p><span style=\"color: #000000;\"><span style=\"color: #ff0000;\">Prezzi:<\/span> Adulti THB 2600 \u2013 Bambini THB 1800<\/span><\/p>\n<h4><span style=\"color: #000000;\">3)Escursione al tramonto alle 4 Isole con motoscafo<\/span><\/h4>\n<p><span style=\"color: #ff0000;\">Descrizione in generale:<\/span><\/p>\n<p><span style=\"color: #000000;\">Il <strong>tour delle 4 isole<\/strong> al tramonto rappresenta la scelta migliore per unire una giornata di mare nelle isole che fronteggiano Krabi <strong>e il tramonto sul Mare delle Andamane<\/strong> tra i pi\u00f9 suggestivi della Thailandia. Questo incredibile tour con partenza alle 13 pm e ritorno la sera verso le 20 pm, include non solo la visita delle isole di fronte Ao Nang (<strong>Poda Island, Chicken island, Tup Island<\/strong>) e la spiaggia di Phra Nang, dove si attendera\u2019 il tramonto, ma anche un bagno notturno per ammirare il <strong>plankton luminescente<\/strong>.<\/span><\/p>\n<p><span style=\"color: #ff0000;\">Itinerario:<\/span><\/p>\n<p><span style=\"color: #000000;\">12:00 \u2013 12:30: Pick up nei vari hotel<\/span><br \/>\n<span style=\"color: #000000;\">13:00: Partenza dal porto<\/span><br \/>\n<span style=\"color: #000000;\">20:00: Rientro al porto e, a seguire, in hotel<\/span><br \/>\n<span style=\"color: #000000;\"><span style=\"color: #ff0000;\">Soste:<\/span> Phra Nang Beach, Tup Island, Chicken Island e Poda Island<\/span><\/p>\n<p><span style=\"color: #ff0000;\">Highlights:<\/span><\/p>\n<p><span style=\"color: #000000;\">Oltre le normali attrazioni delle isole che verranno visitate, uno dei principali punti salienti di questa gita e\u2019 rappresentato dal fatto di andare contro corrente rispetto ai normali orari delle escursioni alle 4 isole, il che consente, anche grazie a scelte accurate da parte delle guide, di visitare ogni posto con il minor numero di <\/span><span style=\"color: #000000;\">persone possibile, rendendo ogni spiaggia piu\u2019 godibile.<\/span><br \/>\n<span style=\"color: #000000;\">La vera attrazione dell\u2019escursione e\u2019 rappresentata dal <strong>bagno notturno<\/strong> finale circondati da <strong>plankton luminoso<\/strong>. Un fenomeno che si verifica solo in alcuni tratti di mare e che rappresenta un\u2019esperienza incredibile.<\/span><br \/>\n<span style=\"color: #000000;\">Come nuotare in mezzo ad un mare di lucciole. Provare per credere.<\/span><\/p>\n<p><span style=\"color: #ff0000;\">Cosa portare:<\/span><\/p>\n<p><span style=\"color: #000000;\">Crema solare, costume da bagno, asciugamano da spiaggia.<\/span><\/p>\n<p><span style=\"color: #ff0000;\">Il tour comprende:<\/span><\/p>\n<p><span style=\"color: #000000;\">Trasferimenti da e per gli hotel di Aonang<\/span><br \/>\n<span style=\"color: #000000;\">Guida parlante Inglese<\/span><br \/>\n<span style=\"color: #000000;\">Maschera e boccaglio<\/span><br \/>\n<span style=\"color: #000000;\">Tasse di ingresso nei parchi nazionali<\/span><br \/>\n<span style=\"color: #000000;\">Picnic sulla spiaggia<\/span><br \/>\n<span style=\"color: #000000;\">Frutta e acqua a bordo<\/span><br \/>\n<span style=\"color: #000000;\">Assicurazione<\/span><br \/>\n<span style=\"color: #000000;\">Salvagente<\/span><\/p>\n<p><span style=\"color: #ff0000;\">Il tour non comprende:<\/span><\/p>\n<p><span style=\"color: #000000;\">I trasferimenti da hotel fuori dalla zona di Ao Nang (THB 500 per persona)<\/span><br \/>\n<span style=\"color: #000000;\">Mance regalie e spese personali.<\/span><\/p>\n<p><span style=\"color: #000000;\"><span style=\"color: #ff0000;\">Prezzi:<\/span> Adulti THB 3500 \u2013 Bambini THB 2500<\/span><\/p>\n","protected":false},"excerpt":{"rendered":"<p>Krabi,\u00a0 le spiagge sono esattamente quello che qualsiasi turista possa desiderare per una vacanza tropicale memorabile. ESCURSIONI A FONDO PAGINA La provincia di Krabi ha delle spettacolari viste sulla costa caratterizzate da alte scogliere calcaree, soffici spiagge di sabbia bianca, piccole baie e isole al largo. Ogni tratto di sabbia sembra superare l&#8217;ultimo, con il [&hellip;]<\/p>\n","protected":false},"author":2,"featured_media":1546,"parent":1321,"menu_order":9,"comment_status":"closed","ping_status":"closed","template":"","meta":{"wds_primary_thailandia":0,"wds_primary_asia":0,"footnotes":""},"class_list":["post-1543","page","type-page","status-publish","has-post-thumbnail","hentry","quando-dicembre","quando-febbraio","quando-gennaio","quando-marzo","quando-novembre"],"_links":{"self":[{"href":"https:\/\/www.fant-asiatravel.com\/it\/wp-json\/wp\/v2\/pages\/1543","targetHints":{"allow":["GET"]}}],"collection":[{"href":"https:\/\/www.fant-asiatravel.com\/it\/wp-json\/wp\/v2\/pages"}],"about":[{"href":"https:\/\/www.fant-asiatravel.com\/it\/wp-json\/wp\/v2\/types\/page"}],"author":[{"embeddable":true,"href":"https:\/\/www.fant-asiatravel.com\/it\/wp-json\/wp\/v2\/users\/2"}],"replies":[{"embeddable":true,"href":"https:\/\/www.fant-asiatravel.com\/it\/wp-json\/wp\/v2\/comments?post=1543"}],"version-history":[{"count":6,"href":"https:\/\/www.fant-asiatravel.com\/it\/wp-json\/wp\/v2\/pages\/1543\/revisions"}],"predecessor-version":[{"id":7938,"href":"https:\/\/www.fant-asiatravel.com\/it\/wp-json\/wp\/v2\/pages\/1543\/revisions\/7938"}],"up":[{"embeddable":true,"href":"https:\/\/www.fant-asiatravel.com\/it\/wp-json\/wp\/v2\/pages\/1321"}],"wp:featuredmedia":[{"embeddable":true,"href":"https:\/\/www.fant-asiatravel.com\/it\/wp-json\/wp\/v2\/media\/1546"}],"wp:attachment":[{"href":"https:\/\/www.fant-asiatravel.com\/it\/wp-json\/wp\/v2\/media?parent=1543"}],"curies":[{"name":"wp","href":"https:\/\/api.w.org\/{rel}","templated":true}]}}