{"id":2,"date":"2014-03-16T21:49:53","date_gmt":"2014-03-16T21:49:53","guid":{"rendered":"https:\/\/www.fant-asiatravel.com\/it\/?page_id=2"},"modified":"2025-10-13T22:48:44","modified_gmt":"2025-10-13T20:48:44","slug":"esplora-loriente-con-passione-e-avventura","status":"publish","type":"page","link":"https:\/\/www.fant-asiatravel.com\/it\/","title":{"rendered":"Home Page"},"content":{"rendered":"<h1 style=\"text-align: center;\"><span style=\"color: #ff0000;\">Viaggi e Avventure in Thailandia, Laos e Cambogia.<\/span><\/h1>\n<h4 style=\"text-align: center;\"><span style=\"color: #000000;\">Benvenuti in FantAsia Travel \u2013 Il Tuo Viaggio Inizia Qui<\/span><\/h4>\n<p><span style=\"color: #000000;\">Siamo lieti di offrirvi emozionanti <strong>viaggi in Thailandia<\/strong>. Scoprite l&#8217;autentica bellezza di questa terra affascinante con i nostri <strong>tour privati<\/strong>, caratterizzati da <strong>itinerari personalizzabili<\/strong> su misura per voi. Le nostre guide esperte vi accompagneranno in avventure indimenticabili, facendovi immergere nella cultura, nella storia e nella natura mozzafiato del paese. Scegliete tra una vasta selezione di <strong>tour guidati<\/strong> e preparatevi a vivere esperienze uniche in questo incantevole angolo del mondo. <\/span><\/p>\n<p style=\"text-align: center;\"><strong><em><span style=\"color: #000000;\">Prenotate ora il vostro viaggio in Thailandia e lasciatevi trasportare in un&#8217;avventura su misura per voi!<\/span><\/em><\/strong><\/p>\n<p><img decoding=\"async\" class=\"aligncenter wp-image-10011 size-medium lazyload\" data-src=\"https:\/\/www.fant-asiatravel.com\/it\/wp-content\/uploads\/2023\/06\/mathew-schwartz-NUmfW34IHA4-unsplash-540x360.jpg\" alt=\"itinerari personalizzati\" width=\"540\" height=\"360\" data-srcset=\"https:\/\/www.fant-asiatravel.com\/it\/wp-content\/uploads\/2023\/06\/mathew-schwartz-NUmfW34IHA4-unsplash-540x360.jpg 540w, https:\/\/www.fant-asiatravel.com\/it\/wp-content\/uploads\/2023\/06\/mathew-schwartz-NUmfW34IHA4-unsplash-1024x683.jpg 1024w, https:\/\/www.fant-asiatravel.com\/it\/wp-content\/uploads\/2023\/06\/mathew-schwartz-NUmfW34IHA4-unsplash-1536x1024.jpg 1536w, https:\/\/www.fant-asiatravel.com\/it\/wp-content\/uploads\/2023\/06\/mathew-schwartz-NUmfW34IHA4-unsplash-2048x1365.jpg 2048w\" data-sizes=\"(max-width: 540px) 100vw, 540px\" src=\"data:image\/svg+xml;base64,PHN2ZyB3aWR0aD0iMSIgaGVpZ2h0PSIxIiB4bWxucz0iaHR0cDovL3d3dy53My5vcmcvMjAwMC9zdmciPjwvc3ZnPg==\" style=\"--smush-placeholder-width: 540px; --smush-placeholder-aspect-ratio: 540\/360;\" \/><\/p>\n<p><span style=\"color: #000000;\">Organizziamo <strong>tour privati<\/strong> senza partecipanti esterni oltre quelli previsti nella vostra prenotazione, l&#8217;itinerario \u00e8 personalizzabile. Possibilit\u00e0 di gestire la propria prenotazione a 360\u00b0, pacchetto completo di auto, guida turistica, ingressi, hotel e collegamenti interni o solo quello che si preferisce&#8230;.solo auto o solo guida oppure escursioni senza hotel o voli interni,<\/span> <em><span style=\"color: #ff0000;\"><span style=\"color: #0000ff;\">in pratica puoi costruire il tuo viaggio ideale.<\/span><\/span><\/em><\/p>\n<ol>\n<li style=\"text-align: left;\"><span style=\"color: #000000;\"><span style=\"text-decoration: underline;\">Offriamo inclusa nel prezzo<\/span> a tutti i nostri viaggiatori <strong>l&#8217;assicurazione contro gli infortuni<\/strong> durante le nostre escursioni. <\/span><\/li>\n<\/ol>\n<p><span style=\"color: #000000;\">Tutte le nostre escursioni sono con copertura sanitaria contro gli infortuni, ci affidiamo alla<\/span> <a href=\"https:\/\/www.bangkokinsurance.com\/en\" target=\"_blank\" rel=\"noopener\"><span style=\"color: #0000ff;\">Bangkok Assurance<\/span><\/a>, <span style=\"color: #000000;\">\u00e8 un&#8217;ottima assicurazione Thailandese che anticipa tutte le spese mediche necessarie.<\/span><\/p>\n<ol>\n<li><span style=\"color: #000000;\"><strong>Tour privato<\/strong>\u00a0in Thailandia offre un&#8217;<span style=\"color: #0000ff;\">esperienza di viaggio esclusiva<\/span> e personalizzata. Potrete godere del comfort di un&#8217;auto con conducente ad uso privato e della professionalit\u00e0 di una guida turistica italiana, che vi accompagner\u00e0 durante tutto il percorso. La particolarit\u00e0 di questo tour \u00e8 che non ci sono partecipanti esterni alla vostra prenotazione, quindi avrete tutta l&#8217;attenzione e la flessibilit\u00e0 che desiderate.<\/span><\/li>\n<li><span style=\"color: #000000;\"><strong>Escursioni in moto<\/strong>, <em>moto adventure<\/em> Thailandia, Laos e\u00a0Cambogia. <\/span><\/li>\n<li><a href=\"https:\/\/www.fant-asiatravel.com\/it\/pacchetti-vacanze\/guided-motorcycle-touring-chiang-rai\/\">Escursioni giornaliere <\/a>\u00a0<span style=\"color: #000000;\">in moto sulle colline di Chiang rai, percorso al 70% off road molto panoramico immerso fra i villaggi delle trib\u00f9 di collina, possibilit\u00e0 di passare una notte nella giungla, accompagnatore italiano.<\/span><\/li>\n<li><span style=\"color: #000000;\"><strong>Pacchetto di matrimonio<\/strong> in stile Thailandia Settentrionale (Lanna), matrimonio sulla spiaggia e matrimonio in barca (Yacht) a Phuket, Koh Samui o qualsiasi location su richiesta.<\/span><\/li>\n<li><span style=\"color: #000000;\">Offriamo servizio di <strong>noleggio auto\/minivan con conducente<\/strong>,<\/span> <a href=\"https:\/\/www.fant-asiatravel.com\/it\/servizi\/guida-turistica-thailandese-in-italiano\/\"><strong>guida turistica in italiano<\/strong><\/a>, <span style=\"color: #000000;\">biglietteria aerea (voli interni) e marittima. La guida \u00e8 con regolare licenza turistica e\u00a0non paga gli ingressi. In caso di noleggio auto con conducente senza la guida turistica, si informa che l&#8217;autista non sostituisce la guida.<\/span><\/li>\n<li><span style=\"color: #000000;\"><strong><strong>FantAsia <\/strong>Travel<\/strong> nasce dalla passione per i viaggi, dalla voglia di scoprire nuovi angoli di paradiso, cercando di rendere\u00a0ogni viaggio un&#8217;esperienza indimenticabile. La nostra missione \u00e8\u00a0unire professionalit\u00e0\u00a0e cortesia nei nostri servizi, offrire non solo l\u2019esperienza del nostro team ma <strong>coinvolgere il viaggiatore negli usi e costumi<\/strong> dei popoli che vivono quei luoghi.<\/span><a href=\"https:\/\/www.fant-asiatravel.com\/it\/indice-proposte-di-viaggio-thailandia\/\"><img decoding=\"async\" class=\"alignnone wp-image-2999 size-full lazyload\" title=\"Indice proposte di viaggio Thailandia\" data-src=\"https:\/\/www.fant-asiatravel.com\/it\/wp-content\/uploads\/2017\/07\/BANNER-INDICE-PROPOSTE-VIAGGIO-THAILANDIA.jpg\" alt=\"Indice proposte di viaggio Thailandia\" width=\"1120\" height=\"498\" data-srcset=\"https:\/\/www.fant-asiatravel.com\/it\/wp-content\/uploads\/2017\/07\/BANNER-INDICE-PROPOSTE-VIAGGIO-THAILANDIA.jpg 1120w, https:\/\/www.fant-asiatravel.com\/it\/wp-content\/uploads\/2017\/07\/BANNER-INDICE-PROPOSTE-VIAGGIO-THAILANDIA-540x240.jpg 540w, https:\/\/www.fant-asiatravel.com\/it\/wp-content\/uploads\/2017\/07\/BANNER-INDICE-PROPOSTE-VIAGGIO-THAILANDIA-1024x455.jpg 1024w\" data-sizes=\"(max-width: 1120px) 100vw, 1120px\" src=\"data:image\/svg+xml;base64,PHN2ZyB3aWR0aD0iMSIgaGVpZ2h0PSIxIiB4bWxucz0iaHR0cDovL3d3dy53My5vcmcvMjAwMC9zdmciPjwvc3ZnPg==\" style=\"--smush-placeholder-width: 1120px; --smush-placeholder-aspect-ratio: 1120\/498;\" \/><\/a>\n<p style=\"text-align: center;\"><span style=\"color: #000000;\">\u00ab<em>Un viaggio meraviglioso fra\u00a0natura e tradizioni. Ti\u00a0immergi in una cultura\u00a0affascinante senza accorgerti\u00a0diventi parte di loro.<\/em>\u00bb<\/span><\/p>\n<p><span style=\"color: #000000;\">Guarda i nostri<\/span> <strong><a href=\"https:\/\/www.fant-asiatravel.com\/it\/viaggi-in-thailandia\/\">Viaggi in Thailandia<\/a><\/strong>, <span style=\"color: #000000;\">i nostri<\/span> <strong><a href=\"https:\/\/www.fant-asiatravel.com\/it\/bangkok-tour\/\">Tour a Bangkok<\/a><\/strong>, <span style=\"color: #000000;\">scopri tutti i nostri<\/span> <strong><a href=\"https:\/\/www.fant-asiatravel.com\/it\/servizi\/\">Servizi<\/a> <\/strong><span style=\"color: #000000;\">e scopri tutto su <strong>Fant-Asia Travel<\/strong>: il tuo<\/span> <strong><a href=\"https:\/\/www.fant-asiatravel.com\/it\/tour-operator-in-thailandia\/\">Tour Operator in Thailandia<\/a><\/strong>!<\/p>\n<h1 style=\"text-align: center;\"><a href=\"https:\/\/www.fant-asiatravel.com\/it\/thailandia\/esperienze-alternative-in-thailandia\/\" target=\"_blank\" rel=\"noopener noreferrer\"><span style=\"color: #ff0000;\">ESPERIENZE ALTERNATIVE IN THAILANDIA<\/span><\/a><\/h1>\n<p style=\"text-align: center;\"><em>Le esperienze si differenziano da una classica escursione perch\u00e9 presuppongono una partecipazione attiva e consapevole . Viaggiare apre la mente&#8230;ma questo pu\u00f2 succedere solo se la mente \u00e8 socchiusa \ud83d\ude42<\/em><\/p>\n<p><em>Scegli il tema che pi\u00f9 si adatta alla tua curiosit\u00e0 di viaggiatore, e scopri tutte le proposte e le esperienze che abbiamo in serbo per te: sfoglia le nostre migliori proposte tematiche, a scelta fra <a href=\"https:\/\/www.fant-asiatravel.com\/it\/thailandia\/thailandia-natura-e-sport\/\" target=\"_blank\" rel=\"noopener noreferrer\"><strong>Natura e Sport<\/strong><\/a>, <a href=\"https:\/\/www.fant-asiatravel.com\/it\/thailandia\/thailandia-romantica\/\" target=\"_blank\" rel=\"noopener noreferrer\"><strong>Thailandia Romantica<\/strong><\/a>, <a href=\"https:\/\/www.fant-asiatravel.com\/it\/thailandia\/tour-gastronomico-in-thailandia\/\" target=\"_blank\" rel=\"noopener noreferrer\"><strong>Tour Gastronomici<\/strong><\/a>\u00a0e <a href=\"https:\/\/www.fant-asiatravel.com\/it\/thailandia\/viaggio-spirituale-in-thailandia\/\" target=\"_blank\" rel=\"noopener noreferrer\"><strong>Viaggi Spirituali in\u00a0Thailandia<\/strong><\/a>, per vivere un\u2019esperienza unica nel suo genere e\u00a0creata appositamente per ispirare le tue passioni individuali.<\/em>\u00a0<a href=\"https:\/\/www.fant-asiatravel.com\/it\/thailandia\/esperienze-alternative-in-thailandia\/\"><img decoding=\"async\" class=\"aligncenter wp-image-2237 size-large lazyload\" title=\"Home Page\" data-src=\"https:\/\/www.fant-asiatravel.com\/it\/wp-content\/uploads\/2014\/03\/WP_20161120_13_34_32_Pro-e1500604919300-1024x576.jpg\" alt=\"Esperienze alternative Thailandia\" width=\"1024\" height=\"576\" data-srcset=\"https:\/\/www.fant-asiatravel.com\/it\/wp-content\/uploads\/2014\/03\/WP_20161120_13_34_32_Pro-e1500604919300-1024x576.jpg 1024w, https:\/\/www.fant-asiatravel.com\/it\/wp-content\/uploads\/2014\/03\/WP_20161120_13_34_32_Pro-e1500604919300-540x304.jpg 540w, https:\/\/www.fant-asiatravel.com\/it\/wp-content\/uploads\/2014\/03\/WP_20161120_13_34_32_Pro-e1500604919300.jpg 1200w\" data-sizes=\"(max-width: 1024px) 100vw, 1024px\" src=\"data:image\/svg+xml;base64,PHN2ZyB3aWR0aD0iMSIgaGVpZ2h0PSIxIiB4bWxucz0iaHR0cDovL3d3dy53My5vcmcvMjAwMC9zdmciPjwvc3ZnPg==\" style=\"--smush-placeholder-width: 1024px; --smush-placeholder-aspect-ratio: 1024\/576;\" \/><\/a><\/li>\n<\/ol>\n","protected":false},"excerpt":{"rendered":"<p>Viaggi e Avventure in Thailandia, Laos e Cambogia. Benvenuti in FantAsia Travel \u2013 Il Tuo Viaggio Inizia Qui Siamo lieti di offrirvi emozionanti viaggi in Thailandia. Scoprite l&#8217;autentica bellezza di questa terra affascinante con i nostri tour privati, caratterizzati da itinerari personalizzabili su misura per voi. Le nostre guide esperte vi accompagneranno in avventure indimenticabili, [&hellip;]<\/p>\n","protected":false},"author":2,"featured_media":0,"parent":0,"menu_order":7,"comment_status":"open","ping_status":"open","template":"","meta":{"wds_primary_thailandia":0,"wds_primary_asia":856,"footnotes":""},"class_list":["post-2","page","type-page","status-publish","hentry","thailandia-ayutthaya","thailandia-bangkok","thailandia-chiang-mai","thailandia-chiang-rai","thailandia-esperienze-alternative-in-thailandia","thailandia-tempio-bianco","thailandia-trekking-chiang-rai","asia-cambogia","asia-laos","asia-thailandia"],"_links":{"self":[{"href":"https:\/\/www.fant-asiatravel.com\/it\/wp-json\/wp\/v2\/pages\/2","targetHints":{"allow":["GET"]}}],"collection":[{"href":"https:\/\/www.fant-asiatravel.com\/it\/wp-json\/wp\/v2\/pages"}],"about":[{"href":"https:\/\/www.fant-asiatravel.com\/it\/wp-json\/wp\/v2\/types\/page"}],"author":[{"embeddable":true,"href":"https:\/\/www.fant-asiatravel.com\/it\/wp-json\/wp\/v2\/users\/2"}],"replies":[{"embeddable":true,"href":"https:\/\/www.fant-asiatravel.com\/it\/wp-json\/wp\/v2\/comments?post=2"}],"version-history":[{"count":44,"href":"https:\/\/www.fant-asiatravel.com\/it\/wp-json\/wp\/v2\/pages\/2\/revisions"}],"predecessor-version":[{"id":12448,"href":"https:\/\/www.fant-asiatravel.com\/it\/wp-json\/wp\/v2\/pages\/2\/revisions\/12448"}],"wp:attachment":[{"href":"https:\/\/www.fant-asiatravel.com\/it\/wp-json\/wp\/v2\/media?parent=2"}],"curies":[{"name":"wp","href":"https:\/\/api.w.org\/{rel}","templated":true}]}}